{"id":49,"date":"2021-08-26T14:52:44","date_gmt":"2021-08-26T12:52:44","guid":{"rendered":"https:\/\/christophemareschal.com\/?page_id=49"},"modified":"2021-09-30T16:31:26","modified_gmt":"2021-09-30T14:31:26","slug":"contact","status":"publish","type":"page","link":"https:\/\/christophemareschal.com\/index.php\/contact\/","title":{"rendered":"Contact"},"content":{"rendered":"<p>[et_pb_section fb_built=\u00a0\u00bb1&Prime; custom_padding_last_edited=\u00a0\u00bboff|tablet\u00a0\u00bb admin_label=\u00a0\u00bbHeader\u00a0\u00bb _builder_version=\u00a0\u00bb4.10.8&Prime; use_background_color_gradient=\u00a0\u00bbon\u00a0\u00bb background_color_gradient_start=\u00a0\u00bbrgba(0,0,0,0.95)\u00a0\u00bb background_color_gradient_end=\u00a0\u00bbrgba(0,0,0,0)\u00a0\u00bb background_color_gradient_direction=\u00a0\u00bb90deg\u00a0\u00bb background_color_gradient_overlays_image=\u00a0\u00bbon\u00a0\u00bb background_image=\u00a0\u00bbhttps:\/\/christophemareschal.com\/wp-content\/uploads\/2021\/09\/tunahan-gunkan-KjlYuYFIayo-unsplash-scaled.jpg\u00a0\u00bb custom_padding=\u00a0\u00bb0px||0vw||false|false\u00a0\u00bb custom_padding_tablet=\u00a0\u00bb0px||12vw||false|false\u00a0\u00bb custom_padding_phone=\u00a0\u00bb0px||20vw||false|false\u00a0\u00bb hover_enabled=\u00a0\u00bb0&Prime; locked=\u00a0\u00bboff\u00a0\u00bb global_colors_info=\u00a0\u00bb{}\u00a0\u00bb sticky_enabled=\u00a0\u00bb0&Prime;][et_pb_row custom_padding_last_edited=\u00a0\u00bbon|desktop\u00a0\u00bb _builder_version=\u00a0\u00bb4.0.10&Prime; max_width=\u00a0\u00bb1180px\u00a0\u00bb custom_margin=\u00a0\u00bb||80px||false|false\u00a0\u00bb custom_padding=\u00a0\u00bb12vw|50px|0px|50px|false|true\u00a0\u00bb custom_padding_tablet=\u00a0\u00bb12vw||||false|true\u00a0\u00bb custom_padding_phone=\u00a0\u00bb20vw||||false|false\u00a0\u00bb border_color_all=\u00a0\u00bb#e94558&Prime; border_width_left=\u00a0\u00bb2px\u00a0\u00bb global_colors_info=\u00a0\u00bb{}\u00a0\u00bb][et_pb_column type=\u00a0\u00bb4_4&Prime; _builder_version=\u00a0\u00bb4.0.6&Prime; global_colors_info=\u00a0\u00bb{}\u00a0\u00bb][et_pb_text _builder_version=\u00a0\u00bb4.0.10&Prime; header_font=\u00a0\u00bbOswald|500||on|||||\u00a0\u00bb header_font_size=\u00a0\u00bb140px\u00a0\u00bb header_4_font=\u00a0\u00bbMerriweather||||||||\u00a0\u00bb header_4_text_color=\u00a0\u00bb#e94558&Prime; header_4_font_size=\u00a0\u00bb24px\u00a0\u00bb background_layout=\u00a0\u00bbdark\u00a0\u00bb header_font_size_tablet=\u00a0\u00bb80px\u00a0\u00bb header_font_size_phone=\u00a0\u00bb40px\u00a0\u00bb header_font_size_last_edited=\u00a0\u00bbon|desktop\u00a0\u00bb header_4_font_size_tablet=\u00a0\u00bb20px\u00a0\u00bb header_4_font_size_phone=\u00a0\u00bb16px\u00a0\u00bb header_4_font_size_last_edited=\u00a0\u00bbon|phone\u00a0\u00bb global_colors_info=\u00a0\u00bb{}\u00a0\u00bb]<\/p>\n<h4>Get In Touch<\/h4>\n<h1>Contact<\/h1>\n<p>[\/et_pb_text][\/et_pb_column][\/et_pb_row][et_pb_row column_structure=\u00a0\u00bb1_2,1_2&Prime; use_custom_gutter=\u00a0\u00bbon\u00a0\u00bb gutter_width=\u00a0\u00bb1&Prime; make_equal=\u00a0\u00bbon\u00a0\u00bb _builder_version=\u00a0\u00bb4.10.8&Prime; custom_margin=\u00a0\u00bb||||false|false\u00a0\u00bb custom_padding=\u00a0\u00bb0px||0px|||\u00a0\u00bb locked=\u00a0\u00bboff\u00a0\u00bb global_colors_info=\u00a0\u00bb{}\u00a0\u00bb][et_pb_column type=\u00a0\u00bb1_2&Prime; _builder_version=\u00a0\u00bb4.0.10&Prime; background_color=\u00a0\u00bb#e94558&Prime; custom_padding=\u00a0\u00bb40px|40px|60px|40px|false|true\u00a0\u00bb custom_padding_tablet=\u00a0\u00bb30px|30px|30px|30px|true|true\u00a0\u00bb custom_padding_phone=\u00a0\u00bb|20px||20px|true|true\u00a0\u00bb custom_padding_last_edited=\u00a0\u00bbon|phone\u00a0\u00bb global_colors_info=\u00a0\u00bb{}\u00a0\u00bb][et_pb_blurb title=\u00a0\u00bbEmail \u00a0\u00bb use_icon=\u00a0\u00bbon\u00a0\u00bb font_icon=\u00a0\u00bb%%238%%\u00a0\u00bb icon_color=\u00a0\u00bb#ffffff\u00a0\u00bb icon_alignment=\u00a0\u00bbleft\u00a0\u00bb use_icon_font_size=\u00a0\u00bbon\u00a0\u00bb icon_font_size=\u00a0\u00bb26px\u00a0\u00bb _builder_version=\u00a0\u00bb4.10.8&Prime; header_font=\u00a0\u00bbMerriweather||||||||\u00a0\u00bb header_line_height=\u00a0\u00bb1.4em\u00a0\u00bb body_font=\u00a0\u00bbRoboto|700|||||||\u00a0\u00bb body_font_size=\u00a0\u00bb16px\u00a0\u00bb body_line_height=\u00a0\u00bb1.8em\u00a0\u00bb body_link_font=\u00a0\u00bb|||||||#ffffff|\u00a0\u00bb body_link_text_color=\u00a0\u00bb#ffffff\u00a0\u00bb background_layout=\u00a0\u00bbdark\u00a0\u00bb hover_enabled=\u00a0\u00bb0&Prime; body_font_size_tablet=\u00a0\u00bb18px\u00a0\u00bb body_font_size_phone=\u00a0\u00bb14px\u00a0\u00bb body_font_size_last_edited=\u00a0\u00bbon|phone\u00a0\u00bb locked=\u00a0\u00bboff\u00a0\u00bb global_colors_info=\u00a0\u00bb{}\u00a0\u00bb sticky_enabled=\u00a0\u00bb0&Prime; body_font_last_edited=\u00a0\u00bbon|phone\u00a0\u00bb header_font_size=\u00a0\u00bb22px\u00a0\u00bb]<\/p>\n<p><a href=\"mailto:contact@christophemareschal.com\">contact@christophemareschal.com<\/a><\/p>\n<p>[\/et_pb_blurb][\/et_pb_column][et_pb_column type=\u00a0\u00bb1_2&Prime; _builder_version=\u00a0\u00bb4.0.6&Prime; custom_padding=\u00a0\u00bb40px|40px|60px|40px|false|true\u00a0\u00bb custom_padding_tablet=\u00a0\u00bb30px|30px|30px|30px|true|true\u00a0\u00bb custom_padding_phone=\u00a0\u00bb|20px||20px|true|true\u00a0\u00bb custom_padding_last_edited=\u00a0\u00bbon|phone\u00a0\u00bb global_colors_info=\u00a0\u00bb{}\u00a0\u00bb][\/et_pb_column][\/et_pb_row][\/et_pb_section][et_pb_section fb_built=\u00a0\u00bb1&Prime; admin_label=\u00a0\u00bbContact Form\u00a0\u00bb _builder_version=\u00a0\u00bb4.10.8&Prime; background_color=\u00a0\u00bb#efefef\u00a0\u00bb use_background_color_gradient=\u00a0\u00bbon\u00a0\u00bb background_color_gradient_start=\u00a0\u00bbrgba(239,239,239,0.57)\u00a0\u00bb background_color_gradient_end=\u00a0\u00bb#efefef\u00a0\u00bb background_color_gradient_direction=\u00a0\u00bb108deg\u00a0\u00bb background_color_gradient_end_position=\u00a0\u00bb40%\u00a0\u00bb background_color_gradient_overlays_image=\u00a0\u00bbon\u00a0\u00bb background_image=\u00a0\u00bbhttps:\/\/christophemareschal.com\/wp-content\/uploads\/2021\/09\/photo8.jpeg\u00a0\u00bb min_height=\u00a0\u00bb610.4px\u00a0\u00bb custom_padding=\u00a0\u00bb0px||0px||false|false\u00a0\u00bb global_colors_info=\u00a0\u00bb{}\u00a0\u00bb][et_pb_row column_structure=\u00a0\u00bb1_3,2_3&Prime; use_custom_gutter=\u00a0\u00bbon\u00a0\u00bb gutter_width=\u00a0\u00bb1&Prime; _builder_version=\u00a0\u00bb4.0.10&Prime; custom_margin=\u00a0\u00bb||60px||false|false\u00a0\u00bb custom_padding=\u00a0\u00bb0px||0px||true|\u00a0\u00bb box_shadow_style=\u00a0\u00bbpreset4&Prime; box_shadow_horizontal=\u00a0\u00bb30vw\u00a0\u00bb box_shadow_vertical=\u00a0\u00bb0px\u00a0\u00bb box_shadow_color=\u00a0\u00bb#1b1d20&Prime; global_colors_info=\u00a0\u00bb{}\u00a0\u00bb][et_pb_column type=\u00a0\u00bb1_3&Prime; _builder_version=\u00a0\u00bb4.0.10&Prime; custom_padding=\u00a0\u00bb100px|20px|100px||true|false\u00a0\u00bb custom_padding_tablet=\u00a0\u00bb20px|0px|20px||true|false\u00a0\u00bb custom_padding_phone=\u00a0\u00bb\u00a0\u00bb custom_padding_last_edited=\u00a0\u00bbon|tablet\u00a0\u00bb global_colors_info=\u00a0\u00bb{}\u00a0\u00bb][et_pb_text _builder_version=\u00a0\u00bb4.10.8&Prime; text_font=\u00a0\u00bb|600|||||||\u00a0\u00bb text_line_height=\u00a0\u00bb1.8em\u00a0\u00bb header_2_font=\u00a0\u00bbOswald|500||on|||||\u00a0\u00bb header_2_font_size=\u00a0\u00bb70px\u00a0\u00bb header_4_font=\u00a0\u00bbMerriweather||||||||\u00a0\u00bb header_4_text_color=\u00a0\u00bb#e94558&Prime; header_4_line_height=\u00a0\u00bb1.4em\u00a0\u00bb header_2_font_size_tablet=\u00a0\u00bb60px\u00a0\u00bb header_2_font_size_phone=\u00a0\u00bb35px\u00a0\u00bb header_2_font_size_last_edited=\u00a0\u00bbon|tablet\u00a0\u00bb header_4_font_size_tablet=\u00a0\u00bb20px\u00a0\u00bb header_4_font_size_phone=\u00a0\u00bb14px\u00a0\u00bb header_4_font_size_last_edited=\u00a0\u00bbon|phone\u00a0\u00bb locked=\u00a0\u00bboff\u00a0\u00bb global_colors_info=\u00a0\u00bb{}\u00a0\u00bb]<\/p>\n<h2>Message\u00a0<\/h2>\n<p>[\/et_pb_text][\/et_pb_column][et_pb_column type=\u00a0\u00bb2_3&Prime; _builder_version=\u00a0\u00bb4.0.10&Prime; background_color=\u00a0\u00bb#1b1d20&Prime; custom_padding=\u00a0\u00bb100px|100px|100px|100px|true|true\u00a0\u00bb custom_padding_tablet=\u00a0\u00bb50px|50px|50px|50px|true|true\u00a0\u00bb custom_padding_phone=\u00a0\u00bb30px|30px|30px|30px|true|true\u00a0\u00bb custom_padding_last_edited=\u00a0\u00bbon|phone\u00a0\u00bb global_colors_info=\u00a0\u00bb{}\u00a0\u00bb][et_pb_contact_form email=\u00a0\u00bbchris.mareschal@gmail.com\u00a0\u00bb success_message=\u00a0\u00bbVotre message a bien \u00e9t\u00e9 envoy\u00e9\u00a0\u00bb submit_button_text=\u00a0\u00bbEnvoyer\u00a0\u00bb module_id=\u00a0\u00bbet_pb_contact_form_0&Prime; _builder_version=\u00a0\u00bb4.10.8&Prime; form_field_background_color=\u00a0\u00bbrgba(255,255,255,0.1)\u00a0\u00bb form_field_text_color=\u00a0\u00bb#ffffff\u00a0\u00bb form_field_focus_background_color=\u00a0\u00bbrgba(255,255,255,0.2)\u00a0\u00bb form_field_focus_text_color=\u00a0\u00bb#ffffff\u00a0\u00bb form_field_font=\u00a0\u00bbMerriweather||||||||\u00a0\u00bb custom_button=\u00a0\u00bbon\u00a0\u00bb button_text_size=\u00a0\u00bb16px\u00a0\u00bb button_text_color=\u00a0\u00bb#ffffff\u00a0\u00bb button_bg_color=\u00a0\u00bb#e94558&Prime; button_border_width=\u00a0\u00bb0px\u00a0\u00bb button_border_radius=\u00a0\u00bb100px\u00a0\u00bb button_font=\u00a0\u00bbMerriweather||||||||\u00a0\u00bb button_icon=\u00a0\u00bb%%3%%\u00a0\u00bb button_icon_placement=\u00a0\u00bbleft\u00a0\u00bb button_on_hover=\u00a0\u00bboff\u00a0\u00bb button_custom_margin=\u00a0\u00bb10px||||false|false\u00a0\u00bb button_custom_padding=\u00a0\u00bb16px|26px|16px|46px|true|false\u00a0\u00bb button_text_size_tablet=\u00a0\u00bb14px\u00a0\u00bb button_text_size_phone=\u00a0\u00bb14px\u00a0\u00bb button_text_size_last_edited=\u00a0\u00bbon|phone\u00a0\u00bb locked=\u00a0\u00bboff\u00a0\u00bb global_colors_info=\u00a0\u00bb{}\u00a0\u00bb button_bg_color__hover=\u00a0\u00bb#ffffff\u00a0\u00bb button_bg_color__hover_enabled=\u00a0\u00bbon|hover\u00a0\u00bb button_bg_enable_color__hover=\u00a0\u00bbon\u00a0\u00bb button_text_size__hover_enabled=\u00a0\u00bboff|desktop\u00a0\u00bb button_text_color__hover=\u00a0\u00bb#e94558&Prime; button_text_color__hover_enabled=\u00a0\u00bbon|desktop\u00a0\u00bb][et_pb_contact_field field_id=\u00a0\u00bbName\u00a0\u00bb field_title=\u00a0\u00bbNom\u00a0\u00bb _builder_version=\u00a0\u00bb4.10.8&Prime; global_colors_info=\u00a0\u00bb{}\u00a0\u00bb button_text_size__hover_enabled=\u00a0\u00bboff\u00a0\u00bb button_one_text_size__hover_enabled=\u00a0\u00bboff\u00a0\u00bb button_two_text_size__hover_enabled=\u00a0\u00bboff\u00a0\u00bb button_text_color__hover_enabled=\u00a0\u00bboff\u00a0\u00bb button_one_text_color__hover_enabled=\u00a0\u00bboff\u00a0\u00bb button_two_text_color__hover_enabled=\u00a0\u00bboff\u00a0\u00bb button_border_width__hover_enabled=\u00a0\u00bboff\u00a0\u00bb button_one_border_width__hover_enabled=\u00a0\u00bboff\u00a0\u00bb button_two_border_width__hover_enabled=\u00a0\u00bboff\u00a0\u00bb button_border_color__hover_enabled=\u00a0\u00bboff\u00a0\u00bb button_one_border_color__hover_enabled=\u00a0\u00bboff\u00a0\u00bb button_two_border_color__hover_enabled=\u00a0\u00bboff\u00a0\u00bb button_border_radius__hover_enabled=\u00a0\u00bboff\u00a0\u00bb button_one_border_radius__hover_enabled=\u00a0\u00bboff\u00a0\u00bb button_two_border_radius__hover_enabled=\u00a0\u00bboff\u00a0\u00bb button_letter_spacing__hover_enabled=\u00a0\u00bboff\u00a0\u00bb button_one_letter_spacing__hover_enabled=\u00a0\u00bboff\u00a0\u00bb button_two_letter_spacing__hover_enabled=\u00a0\u00bboff\u00a0\u00bb button_bg_color__hover_enabled=\u00a0\u00bboff\u00a0\u00bb button_one_bg_color__hover_enabled=\u00a0\u00bboff\u00a0\u00bb button_two_bg_color__hover_enabled=\u00a0\u00bboff\u00a0\u00bb][\/et_pb_contact_field][et_pb_contact_field field_id=\u00a0\u00bbEmail\u00a0\u00bb field_title=\u00a0\u00bbEmail \u00a0\u00bb field_type=\u00a0\u00bbemail\u00a0\u00bb _builder_version=\u00a0\u00bb4.10.8&Prime; global_colors_info=\u00a0\u00bb{}\u00a0\u00bb button_text_size__hover_enabled=\u00a0\u00bboff\u00a0\u00bb button_one_text_size__hover_enabled=\u00a0\u00bboff\u00a0\u00bb button_two_text_size__hover_enabled=\u00a0\u00bboff\u00a0\u00bb button_text_color__hover_enabled=\u00a0\u00bboff\u00a0\u00bb button_one_text_color__hover_enabled=\u00a0\u00bboff\u00a0\u00bb button_two_text_color__hover_enabled=\u00a0\u00bboff\u00a0\u00bb button_border_width__hover_enabled=\u00a0\u00bboff\u00a0\u00bb button_one_border_width__hover_enabled=\u00a0\u00bboff\u00a0\u00bb button_two_border_width__hover_enabled=\u00a0\u00bboff\u00a0\u00bb button_border_color__hover_enabled=\u00a0\u00bboff\u00a0\u00bb button_one_border_color__hover_enabled=\u00a0\u00bboff\u00a0\u00bb button_two_border_color__hover_enabled=\u00a0\u00bboff\u00a0\u00bb button_border_radius__hover_enabled=\u00a0\u00bboff\u00a0\u00bb button_one_border_radius__hover_enabled=\u00a0\u00bboff\u00a0\u00bb button_two_border_radius__hover_enabled=\u00a0\u00bboff\u00a0\u00bb button_letter_spacing__hover_enabled=\u00a0\u00bboff\u00a0\u00bb button_one_letter_spacing__hover_enabled=\u00a0\u00bboff\u00a0\u00bb button_two_letter_spacing__hover_enabled=\u00a0\u00bboff\u00a0\u00bb button_bg_color__hover_enabled=\u00a0\u00bboff\u00a0\u00bb button_one_bg_color__hover_enabled=\u00a0\u00bboff\u00a0\u00bb button_two_bg_color__hover_enabled=\u00a0\u00bboff\u00a0\u00bb][\/et_pb_contact_field][et_pb_contact_field field_id=\u00a0\u00bbMessage\u00a0\u00bb field_title=\u00a0\u00bbMessage\u00a0\u00bb field_type=\u00a0\u00bbtext\u00a0\u00bb fullwidth_field=\u00a0\u00bbon\u00a0\u00bb _builder_version=\u00a0\u00bb3.16&Prime; global_colors_info=\u00a0\u00bb{}\u00a0\u00bb button_text_size__hover_enabled=\u00a0\u00bboff\u00a0\u00bb button_one_text_size__hover_enabled=\u00a0\u00bboff\u00a0\u00bb button_two_text_size__hover_enabled=\u00a0\u00bboff\u00a0\u00bb button_text_color__hover_enabled=\u00a0\u00bboff\u00a0\u00bb button_one_text_color__hover_enabled=\u00a0\u00bboff\u00a0\u00bb button_two_text_color__hover_enabled=\u00a0\u00bboff\u00a0\u00bb button_border_width__hover_enabled=\u00a0\u00bboff\u00a0\u00bb button_one_border_width__hover_enabled=\u00a0\u00bboff\u00a0\u00bb button_two_border_width__hover_enabled=\u00a0\u00bboff\u00a0\u00bb button_border_color__hover_enabled=\u00a0\u00bboff\u00a0\u00bb button_one_border_color__hover_enabled=\u00a0\u00bboff\u00a0\u00bb button_two_border_color__hover_enabled=\u00a0\u00bboff\u00a0\u00bb button_border_radius__hover_enabled=\u00a0\u00bboff\u00a0\u00bb button_one_border_radius__hover_enabled=\u00a0\u00bboff\u00a0\u00bb button_two_border_radius__hover_enabled=\u00a0\u00bboff\u00a0\u00bb button_letter_spacing__hover_enabled=\u00a0\u00bboff\u00a0\u00bb button_one_letter_spacing__hover_enabled=\u00a0\u00bboff\u00a0\u00bb button_two_letter_spacing__hover_enabled=\u00a0\u00bboff\u00a0\u00bb button_bg_color__hover_enabled=\u00a0\u00bboff\u00a0\u00bb button_one_bg_color__hover_enabled=\u00a0\u00bboff\u00a0\u00bb button_two_bg_color__hover_enabled=\u00a0\u00bboff\u00a0\u00bb][\/et_pb_contact_field][\/et_pb_contact_form][\/et_pb_column][\/et_pb_row][\/et_pb_section]<\/p>\n","protected":false},"excerpt":{"rendered":"<p>Get In Touch Contactcontact@christophemareschal.comMessage\u00a0<\/p>\n","protected":false},"author":1,"featured_media":0,"parent":0,"menu_order":0,"comment_status":"closed","ping_status":"closed","template":"","meta":{"_et_pb_use_builder":"on","_et_pb_old_content":"","_et_gb_content_width":"","inline_featured_image":false,"sfsi_plus_gutenberg_text_before_share":"","sfsi_plus_gutenberg_show_text_before_share":"","sfsi_plus_gutenberg_icon_type":"","sfsi_plus_gutenberg_icon_alignemt":"","sfsi_plus_gutenburg_max_per_row":"","footnotes":""},"class_list":["post-49","page","type-page","status-publish","hentry"],"yoast_head":"<!-- This site is optimized with the Yoast SEO plugin v27.5 - https:\/\/yoast.com\/product\/yoast-seo-wordpress\/ -->\n<title>Contact - Christophe Mareschal<\/title>\n<meta name=\"robots\" content=\"index, follow, max-snippet:-1, max-image-preview:large, max-video-preview:-1\" \/>\n<link rel=\"canonical\" href=\"https:\/\/christophemareschal.com\/index.php\/contact\/\" \/>\n<meta property=\"og:locale\" content=\"fr_FR\" \/>\n<meta property=\"og:type\" content=\"article\" \/>\n<meta property=\"og:title\" content=\"Contact - Christophe Mareschal\" \/>\n<meta property=\"og:description\" content=\"Get In Touch Contactcontact@christophemareschal.comMessage\u00a0\" \/>\n<meta property=\"og:url\" content=\"https:\/\/christophemareschal.com\/index.php\/contact\/\" \/>\n<meta property=\"og:site_name\" content=\"Christophe Mareschal\" \/>\n<meta property=\"article:modified_time\" content=\"2021-09-30T14:31:26+00:00\" \/>\n<meta name=\"twitter:card\" content=\"summary_large_image\" \/>\n<meta name=\"twitter:label1\" content=\"Dur\u00e9e de lecture estim\u00e9e\" \/>\n\t<meta name=\"twitter:data1\" content=\"7 minutes\" \/>\n<script type=\"application\/ld+json\" class=\"yoast-schema-graph\">{\"@context\":\"https:\\\/\\\/schema.org\",\"@graph\":[{\"@type\":\"WebPage\",\"@id\":\"https:\\\/\\\/christophemareschal.com\\\/index.php\\\/contact\\\/\",\"url\":\"https:\\\/\\\/christophemareschal.com\\\/index.php\\\/contact\\\/\",\"name\":\"Contact - Christophe Mareschal\",\"isPartOf\":{\"@id\":\"https:\\\/\\\/christophemareschal.com\\\/#website\"},\"datePublished\":\"2021-08-26T12:52:44+00:00\",\"dateModified\":\"2021-09-30T14:31:26+00:00\",\"breadcrumb\":{\"@id\":\"https:\\\/\\\/christophemareschal.com\\\/index.php\\\/contact\\\/#breadcrumb\"},\"inLanguage\":\"fr-FR\",\"potentialAction\":[{\"@type\":\"ReadAction\",\"target\":[\"https:\\\/\\\/christophemareschal.com\\\/index.php\\\/contact\\\/\"]}]},{\"@type\":\"BreadcrumbList\",\"@id\":\"https:\\\/\\\/christophemareschal.com\\\/index.php\\\/contact\\\/#breadcrumb\",\"itemListElement\":[{\"@type\":\"ListItem\",\"position\":1,\"name\":\"Accueil\",\"item\":\"https:\\\/\\\/christophemareschal.com\\\/\"},{\"@type\":\"ListItem\",\"position\":2,\"name\":\"Contact\"}]},{\"@type\":\"WebSite\",\"@id\":\"https:\\\/\\\/christophemareschal.com\\\/#website\",\"url\":\"https:\\\/\\\/christophemareschal.com\\\/\",\"name\":\"Christophe Mareschal\",\"description\":\"Musicien - Batteur\",\"potentialAction\":[{\"@type\":\"SearchAction\",\"target\":{\"@type\":\"EntryPoint\",\"urlTemplate\":\"https:\\\/\\\/christophemareschal.com\\\/?s={search_term_string}\"},\"query-input\":{\"@type\":\"PropertyValueSpecification\",\"valueRequired\":true,\"valueName\":\"search_term_string\"}}],\"inLanguage\":\"fr-FR\"}]}<\/script>\n<!-- \/ Yoast SEO plugin. -->","yoast_head_json":{"title":"Contact - Christophe Mareschal","robots":{"index":"index","follow":"follow","max-snippet":"max-snippet:-1","max-image-preview":"max-image-preview:large","max-video-preview":"max-video-preview:-1"},"canonical":"https:\/\/christophemareschal.com\/index.php\/contact\/","og_locale":"fr_FR","og_type":"article","og_title":"Contact - Christophe Mareschal","og_description":"Get In Touch Contactcontact@christophemareschal.comMessage\u00a0","og_url":"https:\/\/christophemareschal.com\/index.php\/contact\/","og_site_name":"Christophe Mareschal","article_modified_time":"2021-09-30T14:31:26+00:00","twitter_card":"summary_large_image","twitter_misc":{"Dur\u00e9e de lecture estim\u00e9e":"7 minutes"},"schema":{"@context":"https:\/\/schema.org","@graph":[{"@type":"WebPage","@id":"https:\/\/christophemareschal.com\/index.php\/contact\/","url":"https:\/\/christophemareschal.com\/index.php\/contact\/","name":"Contact - Christophe Mareschal","isPartOf":{"@id":"https:\/\/christophemareschal.com\/#website"},"datePublished":"2021-08-26T12:52:44+00:00","dateModified":"2021-09-30T14:31:26+00:00","breadcrumb":{"@id":"https:\/\/christophemareschal.com\/index.php\/contact\/#breadcrumb"},"inLanguage":"fr-FR","potentialAction":[{"@type":"ReadAction","target":["https:\/\/christophemareschal.com\/index.php\/contact\/"]}]},{"@type":"BreadcrumbList","@id":"https:\/\/christophemareschal.com\/index.php\/contact\/#breadcrumb","itemListElement":[{"@type":"ListItem","position":1,"name":"Accueil","item":"https:\/\/christophemareschal.com\/"},{"@type":"ListItem","position":2,"name":"Contact"}]},{"@type":"WebSite","@id":"https:\/\/christophemareschal.com\/#website","url":"https:\/\/christophemareschal.com\/","name":"Christophe Mareschal","description":"Musicien - Batteur","potentialAction":[{"@type":"SearchAction","target":{"@type":"EntryPoint","urlTemplate":"https:\/\/christophemareschal.com\/?s={search_term_string}"},"query-input":{"@type":"PropertyValueSpecification","valueRequired":true,"valueName":"search_term_string"}}],"inLanguage":"fr-FR"}]}},"_links":{"self":[{"href":"https:\/\/christophemareschal.com\/index.php\/wp-json\/wp\/v2\/pages\/49","targetHints":{"allow":["GET"]}}],"collection":[{"href":"https:\/\/christophemareschal.com\/index.php\/wp-json\/wp\/v2\/pages"}],"about":[{"href":"https:\/\/christophemareschal.com\/index.php\/wp-json\/wp\/v2\/types\/page"}],"author":[{"embeddable":true,"href":"https:\/\/christophemareschal.com\/index.php\/wp-json\/wp\/v2\/users\/1"}],"replies":[{"embeddable":true,"href":"https:\/\/christophemareschal.com\/index.php\/wp-json\/wp\/v2\/comments?post=49"}],"version-history":[{"count":17,"href":"https:\/\/christophemareschal.com\/index.php\/wp-json\/wp\/v2\/pages\/49\/revisions"}],"predecessor-version":[{"id":454,"href":"https:\/\/christophemareschal.com\/index.php\/wp-json\/wp\/v2\/pages\/49\/revisions\/454"}],"wp:attachment":[{"href":"https:\/\/christophemareschal.com\/index.php\/wp-json\/wp\/v2\/media?parent=49"}],"curies":[{"name":"wp","href":"https:\/\/api.w.org\/{rel}","templated":true}]}}